{"id":68,"date":"2025-08-07T15:39:33","date_gmt":"2025-08-07T13:39:33","guid":{"rendered":"https:\/\/gldg.de\/?page_id=68"},"modified":"2025-08-07T15:51:16","modified_gmt":"2025-08-07T13:51:16","slug":"startseite","status":"publish","type":"page","link":"https:\/\/gldg.de\/","title":{"rendered":"Willkommen bei GLDG"},"content":{"rendered":"\n<p class=\"has-text-align-center\">Die <strong>GLDG<\/strong> ist spezialisiert auf die pr\u00e4zise Ortung von <strong>Gasleckagen<\/strong> in industriellen Anlagen.<br>Mit modernsten Technologien und einem erfahrenen Team sorgen wir f\u00fcr <strong>Sicherheit, Effizienz und Transparenz<\/strong> in Ihrer Infrastruktur.<\/p>\n\n\n\n<figure class=\"wp-block-gallery aligncenter has-nested-images columns-default is-cropped wp-block-gallery-1 is-layout-flex wp-block-gallery-is-layout-flex\">\n<figure class=\"wp-block-image size-large has-custom-border\"><img loading=\"lazy\" decoding=\"async\" width=\"600\" height=\"500\" data-id=\"76\" src=\"https:\/\/gldg.de\/wp-content\/uploads\/2025\/08\/Service-providers_with-web-resolution.jpg\" alt=\"\" class=\"wp-image-76\" style=\"border-radius:20px\" srcset=\"https:\/\/gldg.de\/wp-content\/uploads\/2025\/08\/Service-providers_with-web-resolution.jpg 600w, https:\/\/gldg.de\/wp-content\/uploads\/2025\/08\/Service-providers_with-web-resolution-300x250.jpg 300w\" sizes=\"auto, (max-width: 600px) 100vw, 600px\" \/><\/figure>\n\n\n\n<figure class=\"wp-block-image size-large has-custom-border\"><img loading=\"lazy\" decoding=\"async\" width=\"600\" height=\"600\" data-id=\"77\" src=\"https:\/\/gldg.de\/wp-content\/uploads\/2025\/08\/Ultra-Pro-X-camera_front-and-back-with-Atex-symbol_with-web-resolution.png\" alt=\"\" class=\"wp-image-77\" style=\"border-radius:20px\" srcset=\"https:\/\/gldg.de\/wp-content\/uploads\/2025\/08\/Ultra-Pro-X-camera_front-and-back-with-Atex-symbol_with-web-resolution.png 600w, https:\/\/gldg.de\/wp-content\/uploads\/2025\/08\/Ultra-Pro-X-camera_front-and-back-with-Atex-symbol_with-web-resolution-300x300.png 300w, https:\/\/gldg.de\/wp-content\/uploads\/2025\/08\/Ultra-Pro-X-camera_front-and-back-with-Atex-symbol_with-web-resolution-150x150.png 150w\" sizes=\"auto, (max-width: 600px) 100vw, 600px\" \/><\/figure>\n<\/figure>\n\n\n\n<p class=\"has-text-align-center\">In Zusammenarbeit mit <strong>Distran <\/strong>setzen wir auf marktf\u00fchrende <strong>Ultraschall-Kameratechnologie<\/strong> zur Lecksuche.<br>Diese Methode erm\u00f6glicht es, <strong>Gasaustritte aus sicherer Entfernung sichtbar zu machen<\/strong> \u2013 selbst in komplexen und lauten Industrieumgebungen.<\/p>\n\n\n\n<figure class=\"wp-block-pullquote\"><blockquote><p>Gemeinsam mit Distran machen wir Unsichtbares sichtbar.<br>Vertrauen Sie auf Expertise, die dicht h\u00e4lt.<\/p><\/blockquote><\/figure>\n\n\n<div class=\"wp-block-image is-style-default wp-duotone-unset-2\">\n<figure class=\"aligncenter size-large has-custom-border\" style=\"margin-top:var(--wp--preset--spacing--20);margin-bottom:var(--wp--preset--spacing--20)\"><img loading=\"lazy\" decoding=\"async\" width=\"480\" height=\"418\" src=\"https:\/\/gldg.de\/wp-content\/uploads\/2025\/08\/Hydrogen-leak-on-alternator-circuits_with-web-resolution.jpg\" alt=\"\" class=\"wp-image-73\" style=\"border-style:none;border-width:0px;border-radius:20px\" srcset=\"https:\/\/gldg.de\/wp-content\/uploads\/2025\/08\/Hydrogen-leak-on-alternator-circuits_with-web-resolution.jpg 480w, https:\/\/gldg.de\/wp-content\/uploads\/2025\/08\/Hydrogen-leak-on-alternator-circuits_with-web-resolution-300x261.jpg 300w\" sizes=\"auto, (max-width: 480px) 100vw, 480px\" \/><\/figure>\n<\/div>\n\n\n<p><\/p>\n","protected":false},"excerpt":{"rendered":"<p>Die GLDG ist spezialisiert auf die pr\u00e4zise Ortung von Gasleckagen in industriellen Anlagen.Mit modernsten Technologien und einem erfahrenen Team sorgen wir f\u00fcr Sicherheit, Effizienz und Transparenz in Ihrer Infrastruktur. In Zusammenarbeit mit Distran setzen wir auf marktf\u00fchrende Ultraschall-Kameratechnologie zur Lecksuche.Diese Methode erm\u00f6glicht es, Gasaustritte aus sicherer Entfernung sichtbar zu machen \u2013 selbst in komplexen und&#8230;<\/p>\n","protected":false},"author":1,"featured_media":0,"parent":0,"menu_order":0,"comment_status":"closed","ping_status":"closed","template":"","meta":{"_kad_post_transparent":"default","_kad_post_title":"hide","_kad_post_layout":"narrow","_kad_post_sidebar_id":"","_kad_post_content_style":"boxed","_kad_post_vertical_padding":"show","_kad_post_feature":"hide","_kad_post_feature_position":"","_kad_post_header":false,"_kad_post_footer":false,"footnotes":""},"class_list":["post-68","page","type-page","status-publish","hentry"],"_links":{"self":[{"href":"https:\/\/gldg.de\/index.php\/wp-json\/wp\/v2\/pages\/68","targetHints":{"allow":["GET"]}}],"collection":[{"href":"https:\/\/gldg.de\/index.php\/wp-json\/wp\/v2\/pages"}],"about":[{"href":"https:\/\/gldg.de\/index.php\/wp-json\/wp\/v2\/types\/page"}],"author":[{"embeddable":true,"href":"https:\/\/gldg.de\/index.php\/wp-json\/wp\/v2\/users\/1"}],"replies":[{"embeddable":true,"href":"https:\/\/gldg.de\/index.php\/wp-json\/wp\/v2\/comments?post=68"}],"version-history":[{"count":5,"href":"https:\/\/gldg.de\/index.php\/wp-json\/wp\/v2\/pages\/68\/revisions"}],"predecessor-version":[{"id":81,"href":"https:\/\/gldg.de\/index.php\/wp-json\/wp\/v2\/pages\/68\/revisions\/81"}],"wp:attachment":[{"href":"https:\/\/gldg.de\/index.php\/wp-json\/wp\/v2\/media?parent=68"}],"curies":[{"name":"wp","href":"https:\/\/api.w.org\/{rel}","templated":true}]}}