{"id":47,"date":"2025-08-07T14:59:29","date_gmt":"2025-08-07T12:59:29","guid":{"rendered":"https:\/\/gldg.de\/?page_id=47"},"modified":"2025-08-07T16:39:46","modified_gmt":"2025-08-07T14:39:46","slug":"kontakt","status":"publish","type":"page","link":"https:\/\/gldg.de\/index.php\/kontakt\/","title":{"rendered":"Kontakt"},"content":{"rendered":"\n<h3 class=\"wp-block-heading has-text-align-center\"><strong>Kontaktieren Sie uns \u2013 Wir sind f\u00fcr Sie da!<\/strong><\/h3>\n\n\n\n<p class=\"has-text-align-center\">Haben Sie Fragen zu unseren Dienstleistungen oder ben\u00f6tigen Sie Unterst\u00fctzung bei der Gasleckage-Erkennung? Wir sind gerne f\u00fcr Sie da!<\/p>\n\n\n\n<p class=\"has-text-align-center\">Egal, ob es um eine detaillierte Anfrage zu unseren Leistungen geht oder Sie sich f\u00fcr einen Inspektionstermin interessieren \u2013 nutzen Sie einfach unser <strong>Kontaktformular<\/strong>. Wir melden uns schnellstm\u00f6glich bei Ihnen, um Ihre Anliegen zu besprechen und einen passenden L\u00f6sungsvorschlag zu unterbreiten.<\/p>\n\n\n\n<hr class=\"wp-block-separator has-alpha-channel-opacity\"\/>\n\n\n\n<h3 class=\"wp-block-heading has-text-align-center\"><strong>Schnelle und unkomplizierte Kontaktaufnahme<\/strong><\/h3>\n\n\n\n<p class=\"has-text-align-center\">F\u00fcllen Sie einfach das Formular aus, und wir k\u00fcmmern uns um den Rest. Sie k\u00f6nnen auch gerne direkt mit uns telefonisch oder per E-Mail in Kontakt treten, falls Sie eine dringende Anfrage haben.<\/p>\n\n\n\n<p class=\"has-text-align-center\"><strong>Wir freuen uns darauf, von Ihnen zu h\u00f6ren!<\/strong><\/p>\n\n\n<style id=\"wpforms-css-vars-95-block-8477a543-7661-4d04-9a80-609f38d63a6f\">\n\t\t\t\t#wpforms-95.wpforms-block-8477a543-7661-4d04-9a80-609f38d63a6f {\n\t\t\t\t--wpforms-field-size-input-height: 43px;\n--wpforms-field-size-input-spacing: 15px;\n--wpforms-field-size-font-size: 16px;\n--wpforms-field-size-line-height: 19px;\n--wpforms-field-size-padding-h: 14px;\n--wpforms-field-size-checkbox-size: 16px;\n--wpforms-field-size-sublabel-spacing: 5px;\n--wpforms-field-size-icon-size: 1;\n--wpforms-label-size-font-size: 16px;\n--wpforms-label-size-line-height: 19px;\n--wpforms-label-size-sublabel-font-size: 14px;\n--wpforms-label-size-sublabel-line-height: 17px;\n--wpforms-button-size-font-size: 17px;\n--wpforms-button-size-height: 41px;\n--wpforms-button-size-padding-h: 15px;\n--wpforms-button-size-margin-top: 10px;\n\n\t\t\t}\n\t\t\t<\/style><div class=\"wpforms-container wpforms-container-full wpforms-block wpforms-block-8477a543-7661-4d04-9a80-609f38d63a6f wpforms-render-modern\" id=\"wpforms-95\"><form id=\"wpforms-form-95\" class=\"wpforms-validate wpforms-form wpforms-ajax-form\" data-formid=\"95\" method=\"post\" enctype=\"multipart\/form-data\" action=\"\/index.php\/wp-json\/wp\/v2\/pages\/47\" data-token=\"1fff496e0460b54a464e37917d0fc4b8\" data-token-time=\"1775570862\"><noscript class=\"wpforms-error-noscript\">Bitte aktiviere JavaScript in deinem Browser, um dieses Formular fertigzustellen.<\/noscript><div id=\"wpforms-error-noscript\" style=\"display: none;\">Bitte aktiviere JavaScript in deinem Browser, um dieses Formular fertigzustellen.<\/div><div class=\"wpforms-field-container\"><div id=\"wpforms-95-field_0-container\" class=\"wpforms-field wpforms-field-name\" data-field-id=\"0\"><fieldset><legend class=\"wpforms-field-label\">Name <span class=\"wpforms-required-label\" aria-hidden=\"true\">*<\/span><\/legend><div class=\"wpforms-field-row wpforms-field-medium\"><div class=\"wpforms-field-row-block wpforms-first wpforms-one-half\"><input type=\"text\" id=\"wpforms-95-field_0\" class=\"wpforms-field-name-first wpforms-field-required\" name=\"wpforms[fields][0][first]\" aria-errormessage=\"wpforms-95-field_0-error\" required><label for=\"wpforms-95-field_0\" class=\"wpforms-field-sublabel after\">Vorname<\/label><\/div><div class=\"wpforms-field-row-block wpforms-one-half\"><input type=\"text\" id=\"wpforms-95-field_0-last\" class=\"wpforms-field-name-last wpforms-field-required\" name=\"wpforms[fields][0][last]\" aria-errormessage=\"wpforms-95-field_0-last-error\" required><label for=\"wpforms-95-field_0-last\" class=\"wpforms-field-sublabel after\">Nachname<\/label><\/div><\/div><\/fieldset><\/div><div id=\"wpforms-95-field_6-container\" class=\"wpforms-field wpforms-field-text\" data-field-id=\"6\"><label class=\"wpforms-field-label\" for=\"wpforms-95-field_6\">Unternehmen<\/label><input type=\"text\" id=\"wpforms-95-field_6\" class=\"wpforms-field-medium\" name=\"wpforms[fields][6]\" aria-errormessage=\"wpforms-95-field_6-error\" ><\/div><div id=\"wpforms-95-field_7-container\" class=\"wpforms-field wpforms-field-text\" data-field-id=\"7\"><label class=\"wpforms-field-label\" for=\"wpforms-95-field_7\">Rufnummer<\/label><input type=\"text\" id=\"wpforms-95-field_7\" class=\"wpforms-field-medium\" name=\"wpforms[fields][7]\" aria-errormessage=\"wpforms-95-field_7-error\" ><\/div>\t\t<div id=\"wpforms-95-field_2-container\"\n\t\t\tclass=\"wpforms-field wpforms-field-text\"\n\t\t\tdata-field-type=\"text\"\n\t\t\tdata-field-id=\"2\"\n\t\t\t>\n\t\t\t<label class=\"wpforms-field-label\" for=\"wpforms-95-field_2\" >Unternehmen Nachricht Name<\/label>\n\t\t\t<input type=\"text\" id=\"wpforms-95-field_2\" class=\"wpforms-field-medium\" name=\"wpforms[fields][2]\" >\n\t\t<\/div>\n\t\t<div id=\"wpforms-95-field_1-container\" class=\"wpforms-field wpforms-field-email\" data-field-id=\"1\"><label class=\"wpforms-field-label\" for=\"wpforms-95-field_1\">Email <span class=\"wpforms-required-label\" aria-hidden=\"true\">*<\/span><\/label><input type=\"email\" id=\"wpforms-95-field_1\" class=\"wpforms-field-medium wpforms-field-required\" name=\"wpforms[fields][1]\" spellcheck=\"false\" aria-errormessage=\"wpforms-95-field_1-error\" required><\/div><div id=\"wpforms-95-field_3-container\" class=\"wpforms-field wpforms-field-textarea\" data-field-id=\"3\"><label class=\"wpforms-field-label\" for=\"wpforms-95-field_3\">Nachricht <span class=\"wpforms-required-label\" aria-hidden=\"true\">*<\/span><\/label><textarea id=\"wpforms-95-field_3\" class=\"wpforms-field-medium wpforms-field-required\" name=\"wpforms[fields][3]\" aria-errormessage=\"wpforms-95-field_3-error\" required><\/textarea><\/div><script>\n\t\t\t\t( function() {\n\t\t\t\t\tconst style = document.createElement( 'style' );\n\t\t\t\t\tstyle.appendChild( document.createTextNode( '#wpforms-95-field_2-container { position: absolute !important; overflow: hidden !important; display: inline !important; height: 1px !important; width: 1px !important; z-index: -1000 !important; padding: 0 !important; } #wpforms-95-field_2-container input { visibility: hidden; } #wpforms-conversational-form-page #wpforms-95-field_2-container label { counter-increment: none; }' ) );\n\t\t\t\t\tdocument.head.appendChild( style );\n\t\t\t\t\tdocument.currentScript?.remove();\n\t\t\t\t} )();\n\t\t\t<\/script><\/div><!-- .wpforms-field-container --><div class=\"wpforms-submit-container\" ><input type=\"hidden\" name=\"wpforms[id]\" value=\"95\"><input type=\"hidden\" name=\"page_title\" value=\"\"><input type=\"hidden\" name=\"page_url\" value=\"https:\/\/gldg.de\/index.php\/wp-json\/wp\/v2\/pages\/47\"><input type=\"hidden\" name=\"url_referer\" value=\"\"><button type=\"submit\" name=\"wpforms[submit]\" id=\"wpforms-submit-95\" class=\"wpforms-submit\" data-alt-text=\"Senden...\" data-submit-text=\"Nachricht senden\" aria-live=\"assertive\" value=\"wpforms-submit\">Nachricht senden<\/button><img loading=\"lazy\" decoding=\"async\" src=\"https:\/\/gldg.de\/wp-content\/plugins\/wpforms-lite\/assets\/images\/submit-spin.svg\" class=\"wpforms-submit-spinner\" style=\"display: none;\" width=\"26\" height=\"26\" alt=\"Wird geladen\"><\/div><\/form><\/div>  <!-- .wpforms-container -->\n\n\n<p class=\"has-text-align-center\"><strong>Jetzt Kontakt aufnehmen:<\/strong><br><strong>Telefon:<\/strong> +4915202147000<br><strong>E-Mail:<\/strong> <a>info@gldg.de<\/a><\/p>\n\n\n\n<hr class=\"wp-block-separator has-alpha-channel-opacity\"\/>\n\n\n\n<p><\/p>\n","protected":false},"excerpt":{"rendered":"<p>Kontaktieren Sie uns \u2013 Wir sind f\u00fcr Sie da! Haben Sie Fragen zu unseren Dienstleistungen oder ben\u00f6tigen Sie Unterst\u00fctzung bei der Gasleckage-Erkennung? Wir sind gerne f\u00fcr Sie da! Egal, ob es um eine detaillierte Anfrage zu unseren Leistungen geht oder Sie sich f\u00fcr einen Inspektionstermin interessieren \u2013 nutzen Sie einfach unser Kontaktformular. Wir melden uns&#8230;<\/p>\n","protected":false},"author":1,"featured_media":0,"parent":0,"menu_order":0,"comment_status":"closed","ping_status":"closed","template":"","meta":{"_kad_post_transparent":"","_kad_post_title":"hide","_kad_post_layout":"","_kad_post_sidebar_id":"","_kad_post_content_style":"","_kad_post_vertical_padding":"","_kad_post_feature":"","_kad_post_feature_position":"","_kad_post_header":false,"_kad_post_footer":false,"footnotes":""},"class_list":["post-47","page","type-page","status-publish","hentry"],"_links":{"self":[{"href":"https:\/\/gldg.de\/index.php\/wp-json\/wp\/v2\/pages\/47","targetHints":{"allow":["GET"]}}],"collection":[{"href":"https:\/\/gldg.de\/index.php\/wp-json\/wp\/v2\/pages"}],"about":[{"href":"https:\/\/gldg.de\/index.php\/wp-json\/wp\/v2\/types\/page"}],"author":[{"embeddable":true,"href":"https:\/\/gldg.de\/index.php\/wp-json\/wp\/v2\/users\/1"}],"replies":[{"embeddable":true,"href":"https:\/\/gldg.de\/index.php\/wp-json\/wp\/v2\/comments?post=47"}],"version-history":[{"count":6,"href":"https:\/\/gldg.de\/index.php\/wp-json\/wp\/v2\/pages\/47\/revisions"}],"predecessor-version":[{"id":100,"href":"https:\/\/gldg.de\/index.php\/wp-json\/wp\/v2\/pages\/47\/revisions\/100"}],"wp:attachment":[{"href":"https:\/\/gldg.de\/index.php\/wp-json\/wp\/v2\/media?parent=47"}],"curies":[{"name":"wp","href":"https:\/\/api.w.org\/{rel}","templated":true}]}}