{"id":3,"date":"2025-04-27T18:53:41","date_gmt":"2025-04-27T16:53:41","guid":{"rendered":"http:\/\/gldg.de\/?page_id=3"},"modified":"2025-08-07T13:24:09","modified_gmt":"2025-08-07T11:24:09","slug":"datenschutzerklaerung","status":"publish","type":"page","link":"https:\/\/gldg.de\/index.php\/datenschutzerklaerung\/","title":{"rendered":"Datenschutzerkl\u00e4rung"},"content":{"rendered":"\n<h2 class=\"wp-block-heading\">Datenschutzerkl\u00e4rung<\/h2>\n\n\n\n<h2 class=\"wp-block-heading\">1. Allgemeine Hinweise<\/h2>\n\n\n\n<p>Der Schutz Ihrer pers\u00f6nlichen Daten ist uns ein besonderes Anliegen. Wir verarbeiten Ihre Daten daher ausschlie\u00dflich auf Grundlage der gesetzlichen Bestimmungen (DSGVO, TMG). In diesen Datenschutzinformationen informieren wir Sie \u00fcber die wichtigsten Aspekte der Datenverarbeitung im Rahmen unserer Website.<\/p>\n\n\n\n<p><strong>Verantwortlich f\u00fcr die Datenverarbeitung auf dieser Website ist:<\/strong><\/p>\n\n\n\n<p><strong>GLDG \u2013 Gas Leak Detection Gatzen &#8211; Kevin Gatzen<\/strong><br>Anschrift: L\u00f6chergraben 3, 51371 Leverkusen<br>Mail: info@gldg.de<\/p>\n\n\n\n<h2 class=\"wp-block-heading\">2. Erhebung und Speicherung personenbezogener Daten sowie Art und Zweck von deren Verwendung<\/h2>\n\n\n\n<h3 class=\"wp-block-heading\">a) Beim Besuch der Website<\/h3>\n\n\n\n<p>Beim Aufrufen unserer Website werden durch den auf Ihrem Endger\u00e4t zum Einsatz kommenden Browser automatisch Informationen an den Server unserer Website gesendet. Diese Informationen werden tempor\u00e4r in einem sogenannten Logfile gespeichert. Folgende Informationen werden dabei ohne Ihr Zutun erfasst und bis zur automatisierten L\u00f6schung gespeichert:<\/p>\n\n\n\n<ul class=\"wp-block-list\">\n<li>IP-Adresse des anfragenden Rechners<\/li>\n\n\n\n<li>Datum und Uhrzeit des Zugriffs<\/li>\n\n\n\n<li>Name und URL der abgerufenen Datei<\/li>\n\n\n\n<li>Website, von der aus der Zugriff erfolgt (Referrer-URL)<\/li>\n\n\n\n<li>Verwendeter Browser und ggf. das Betriebssystem Ihres Rechners<\/li>\n\n\n\n<li>Name Ihres Access-Providers<\/li>\n<\/ul>\n\n\n\n<p>Die genannten Daten werden durch uns zu folgenden Zwecken verarbeitet:<\/p>\n\n\n\n<ul class=\"wp-block-list\">\n<li>Gew\u00e4hrleistung eines reibungslosen Verbindungsaufbaus der Website<\/li>\n\n\n\n<li>Gew\u00e4hrleistung einer komfortablen Nutzung unserer Website<\/li>\n\n\n\n<li>Auswertung der Systemsicherheit und -stabilit\u00e4t<\/li>\n\n\n\n<li>zu weiteren administrativen Zwecken<\/li>\n<\/ul>\n\n\n\n<p><strong>Rechtsgrundlage:<\/strong> Art. 6 Abs. 1 lit. f DSGVO (berechtigtes Interesse)<\/p>\n\n\n\n<h3 class=\"wp-block-heading\">b) Bei Nutzung unseres Kontaktformulars<\/h3>\n\n\n\n<p>Wenn Sie per Formular auf der Website oder per E-Mail Kontakt mit uns aufnehmen, werden Ihre Angaben zwecks Bearbeitung der Anfrage und f\u00fcr den Fall von Anschlussfragen bei uns gespeichert. Diese Daten geben wir nicht ohne Ihre Einwilligung weiter.<\/p>\n\n\n\n<p><strong>Rechtsgrundlage:<\/strong> Art. 6 Abs. 1 lit. a DSGVO (Einwilligung)<\/p>\n\n\n\n<h2 class=\"wp-block-heading\">3. Cookies<\/h2>\n\n\n\n<p>Unsere Website verwendet sogenannte Cookies. Dabei handelt es sich um kleine Textdateien, die auf Ihrem Endger\u00e4t gespeichert werden. Sie richten keinen Schaden an.<\/p>\n\n\n\n<p>Wir nutzen Cookies dazu, unser Angebot nutzerfreundlich zu gestalten. Einige Cookies bleiben auf Ihrem Endger\u00e4t gespeichert, bis Sie diese l\u00f6schen. Sie erm\u00f6glichen es uns, Ihren Browser beim n\u00e4chsten Besuch wiederzuerkennen.<\/p>\n\n\n\n<p>Wenn Sie dies nicht w\u00fcnschen, k\u00f6nnen Sie Ihren Browser so einrichten, dass er Sie \u00fcber das Setzen von Cookies informiert und Sie dies nur im Einzelfall erlauben.<\/p>\n\n\n\n<p>Bei der Deaktivierung von Cookies kann die Funktionalit\u00e4t unserer Website eingeschr\u00e4nkt sein.<\/p>\n\n\n\n<p><strong>Rechtsgrundlage:<\/strong> Art. 6 Abs. 1 lit. f DSGVO (berechtigtes Interesse)<\/p>\n\n\n\n<h2 class=\"wp-block-heading\">4. Verwendung von Plugins und Tools<\/h2>\n\n\n\n<h3 class=\"wp-block-heading\">a) WordPress Plugins<\/h3>\n\n\n\n<p>Unsere Website nutzt Plugins, die zus\u00e4tzliche Funktionen bereitstellen k\u00f6nnen (z.\u202fB. SEO, Sicherheitsplugins, Performance-Optimierung, etc.). Dabei kann es vorkommen, dass personenbezogene Daten verarbeitet werden (z.\u202fB. IP-Adressen). Welche Plugins genau verwendet werden, k\u00f6nnen Sie im Impressum oder auf Anfrage erfahren.<\/p>\n\n\n\n<p><strong>Rechtsgrundlage:<\/strong> Je nach Plugin Art. 6 Abs. 1 lit. a (Einwilligung) oder lit. f DSGVO (berechtigtes Interesse)<\/p>\n\n\n\n<h3 class=\"wp-block-heading\">b) Google Fonts (lokal eingebunden)<\/h3>\n\n\n\n<p>Auf dieser Website werden Google Fonts lokal eingebunden, um Schriftarten darzustellen. Dabei findet <strong>keine Daten\u00fcbertragung an Google<\/strong> statt.<\/p>\n\n\n\n<h2 class=\"wp-block-heading\">5. Ihre Rechte<\/h2>\n\n\n\n<p>Sie haben das Recht:<\/p>\n\n\n\n<ul class=\"wp-block-list\">\n<li>auf Auskunft \u00fcber Ihre gespeicherten personenbezogenen Daten,<\/li>\n\n\n\n<li>auf Berichtigung unrichtiger Daten,<\/li>\n\n\n\n<li>auf L\u00f6schung,<\/li>\n\n\n\n<li>auf Einschr\u00e4nkung der Verarbeitung,<\/li>\n\n\n\n<li>auf Daten\u00fcbertragbarkeit,<\/li>\n\n\n\n<li>auf Widerruf einer erteilten Einwilligung,<\/li>\n\n\n\n<li>auf Widerspruch gegen die Verarbeitung.<\/li>\n<\/ul>\n\n\n\n<p>Wenn Sie glauben, dass die Verarbeitung Ihrer Daten gegen das Datenschutzrecht verst\u00f6\u00dft oder Ihre datenschutzrechtlichen Anspr\u00fcche verletzt worden sind, k\u00f6nnen Sie sich bei der zust\u00e4ndigen Aufsichtsbeh\u00f6rde beschweren.<\/p>\n\n\n\n<h2 class=\"wp-block-heading\">6. Auftragsverarbeiter \/ Hosting<\/h2>\n\n\n\n<p>Unsere Website wird bei folgendem Anbieter gehostet:<\/p>\n\n\n\n<p><strong>OVH Cloud<\/strong><br><a href=\"https:\/\/www.ovhcloud.com\/de\/personal-data-protection\/\">OVHcloud und der Schutz personenbezogener Daten | OVHcloud Deutschland<\/a><\/p>\n\n\n\n<p>Mit dem Hosting-Anbieter wurde ein Vertrag zur Auftragsverarbeitung gem\u00e4\u00df Art. 28 DSGVO abgeschlossen.<\/p>\n\n\n\n<h2 class=\"wp-block-heading\">7. Aktualit\u00e4t und \u00c4nderung dieser Datenschutzerkl\u00e4rung<\/h2>\n\n\n\n<p>Diese Datenschutzerkl\u00e4rung ist aktuell g\u00fcltig und hat den Stand: <strong>August 2025<\/strong>.<\/p>\n\n\n\n<p>Durch die Weiterentwicklung unserer Website oder aufgrund ge\u00e4nderter gesetzlicher beziehungsweise beh\u00f6rdlicher Vorgaben kann es notwendig werden, diese Datenschutzerkl\u00e4rung zu \u00e4ndern. Die jeweils aktuelle Datenschutzerkl\u00e4rung kann jederzeit auf unserer Website von Ihnen abgerufen werden.<\/p>\n","protected":false},"excerpt":{"rendered":"<p>Datenschutzerkl\u00e4rung 1. Allgemeine Hinweise Der Schutz Ihrer pers\u00f6nlichen Daten ist uns ein besonderes Anliegen. Wir verarbeiten Ihre Daten daher ausschlie\u00dflich auf Grundlage der gesetzlichen Bestimmungen (DSGVO, TMG). In diesen Datenschutzinformationen informieren wir Sie \u00fcber die wichtigsten Aspekte der Datenverarbeitung im Rahmen unserer Website. Verantwortlich f\u00fcr die Datenverarbeitung auf dieser Website ist: GLDG \u2013 Gas Leak&#8230;<\/p>\n","protected":false},"author":1,"featured_media":0,"parent":0,"menu_order":0,"comment_status":"closed","ping_status":"open","template":"","meta":{"_kad_post_transparent":"","_kad_post_title":"","_kad_post_layout":"","_kad_post_sidebar_id":"","_kad_post_content_style":"","_kad_post_vertical_padding":"","_kad_post_feature":"","_kad_post_feature_position":"","_kad_post_header":false,"_kad_post_footer":false,"footnotes":""},"class_list":["post-3","page","type-page","status-publish","hentry"],"_links":{"self":[{"href":"https:\/\/gldg.de\/index.php\/wp-json\/wp\/v2\/pages\/3","targetHints":{"allow":["GET"]}}],"collection":[{"href":"https:\/\/gldg.de\/index.php\/wp-json\/wp\/v2\/pages"}],"about":[{"href":"https:\/\/gldg.de\/index.php\/wp-json\/wp\/v2\/types\/page"}],"author":[{"embeddable":true,"href":"https:\/\/gldg.de\/index.php\/wp-json\/wp\/v2\/users\/1"}],"replies":[{"embeddable":true,"href":"https:\/\/gldg.de\/index.php\/wp-json\/wp\/v2\/comments?post=3"}],"version-history":[{"count":1,"href":"https:\/\/gldg.de\/index.php\/wp-json\/wp\/v2\/pages\/3\/revisions"}],"predecessor-version":[{"id":8,"href":"https:\/\/gldg.de\/index.php\/wp-json\/wp\/v2\/pages\/3\/revisions\/8"}],"wp:attachment":[{"href":"https:\/\/gldg.de\/index.php\/wp-json\/wp\/v2\/media?parent=3"}],"curies":[{"name":"wp","href":"https:\/\/api.w.org\/{rel}","templated":true}]}}