{"id":19,"date":"2025-08-07T13:52:28","date_gmt":"2025-08-07T11:52:28","guid":{"rendered":"https:\/\/gldg.de\/?page_id=19"},"modified":"2025-08-07T15:51:57","modified_gmt":"2025-08-07T13:51:57","slug":"funktionsweise","status":"publish","type":"page","link":"https:\/\/gldg.de\/index.php\/funktionsweise\/","title":{"rendered":"Funktionsweise"},"content":{"rendered":"\n<p><\/p>\n\n\n\n<p><\/p>\n\n\n\n<h2 class=\"wp-block-heading\"><\/h2>\n\n\n\n<div class=\"wp-block-columns is-layout-flex wp-container-core-columns-is-layout-9d6595d7 wp-block-columns-is-layout-flex\">\n<div class=\"wp-block-column is-layout-flow wp-block-column-is-layout-flow\">\n<h2 class=\"wp-block-heading\">Weshalb senden Gaslecks Ultraschall aus?<\/h2>\n\n\n\n<p>Viele physikalische Vorg\u00e4nge, wie z. B. Gaslecks, Teilentladungen oder mechanische Defekte, verursachen akustische Emissionen (AE). Ultraschall ist h\u00e4ufig das erste Anzeichen daf\u00fcr, dass ein Element beginnt auszufallen, und zwar lange vor einer eventuell auftretenden W\u00e4rme- bzw. Infrarotstrahlung.<\/p>\n<\/div>\n\n\n\n<div class=\"wp-block-column is-layout-flow wp-block-column-is-layout-flow\">\n<p><img decoding=\"async\" src=\"https:\/\/gldg.de\/wp-content\/uploads\/2025\/08\/image-1024x536.png\" alt=\"\"><\/p>\n<\/div>\n<\/div>\n\n\n\n<figure class=\"wp-block-video alignleft\"><video height=\"480\" style=\"aspect-ratio: 560 \/ 480;\" width=\"560\" controls src=\"https:\/\/gldg.de\/wp-content\/uploads\/2025\/08\/methane_leak_detected_by_the_distran_ultrasound_camera_-_outdoors_on_a_connector_within_a_refinery.mp4\"><\/video><\/figure>\n\n\n\n<h2 class=\"wp-block-heading\">Vom Schall zum Bild<\/h2>\n\n\n\n<p>Auf der Empf\u00e4ngeroberfl\u00e4che der Ultra Pro sind zahlreiche Sensoren angeordnet, die das Schallfeld messen. Wenn eine Ultraschallwellenfront auf diese Oberfl\u00e4che trifft, wird das Schallsignal von jedem Sensor zu einem anderem Zeitpunkt detektiert. Anhand der resultierenden Zeitdifferenzen kann die Ultraschallquelle lokalisiert und ihre Position mit einem Kamerabild \u00fcberlagert werden. Es kann eine unbegrenzte Anzahl von Schallquellen gleichzeitig ber\u00fccksichtigt werden.<\/p>\n\n\n\n<h2 class=\"wp-block-heading\">Vom Schall zur Leckrate<\/h2>\n\n\n\n<p>Die Ultra Pro zeigt nicht nur den genauen Ort des Lecks an, sondern sch\u00e4tzt auch die Leckrate in Litern pro Stunde anhand der Schallemissionsst\u00e4rke und des Druckunterschieds am Leck. Nutzer k\u00f6nnen so schnell den Schweregrad und die mit dem Leck verbundenen Kosten bewerten. Zudem zeigt die Ultra Pro automatisch die Leckrate des kleinsten detektierbaren Lecks in der jeweiligen Umgebung in Echtzeit an.<\/p>\n\n\n\n<p><\/p>\n\n\n\n<p><\/p>\n","protected":false},"excerpt":{"rendered":"<p>Weshalb senden Gaslecks Ultraschall aus? Viele physikalische Vorg\u00e4nge, wie z. B. Gaslecks, Teilentladungen oder mechanische Defekte, verursachen akustische Emissionen (AE). Ultraschall ist h\u00e4ufig das erste Anzeichen daf\u00fcr, dass ein Element beginnt auszufallen, und zwar lange vor einer eventuell auftretenden W\u00e4rme- bzw. Infrarotstrahlung. Vom Schall zum Bild Auf der Empf\u00e4ngeroberfl\u00e4che der Ultra Pro sind zahlreiche Sensoren&#8230;<\/p>\n","protected":false},"author":1,"featured_media":0,"parent":0,"menu_order":0,"comment_status":"closed","ping_status":"closed","template":"","meta":{"_kad_post_transparent":"","_kad_post_title":"hide","_kad_post_layout":"","_kad_post_sidebar_id":"","_kad_post_content_style":"","_kad_post_vertical_padding":"","_kad_post_feature":"","_kad_post_feature_position":"","_kad_post_header":false,"_kad_post_footer":false,"footnotes":""},"class_list":["post-19","page","type-page","status-publish","hentry"],"_links":{"self":[{"href":"https:\/\/gldg.de\/index.php\/wp-json\/wp\/v2\/pages\/19","targetHints":{"allow":["GET"]}}],"collection":[{"href":"https:\/\/gldg.de\/index.php\/wp-json\/wp\/v2\/pages"}],"about":[{"href":"https:\/\/gldg.de\/index.php\/wp-json\/wp\/v2\/types\/page"}],"author":[{"embeddable":true,"href":"https:\/\/gldg.de\/index.php\/wp-json\/wp\/v2\/users\/1"}],"replies":[{"embeddable":true,"href":"https:\/\/gldg.de\/index.php\/wp-json\/wp\/v2\/comments?post=19"}],"version-history":[{"count":2,"href":"https:\/\/gldg.de\/index.php\/wp-json\/wp\/v2\/pages\/19\/revisions"}],"predecessor-version":[{"id":82,"href":"https:\/\/gldg.de\/index.php\/wp-json\/wp\/v2\/pages\/19\/revisions\/82"}],"wp:attachment":[{"href":"https:\/\/gldg.de\/index.php\/wp-json\/wp\/v2\/media?parent=19"}],"curies":[{"name":"wp","href":"https:\/\/api.w.org\/{rel}","templated":true}]}}